{"id":282,"date":"2014-02-11T18:07:39","date_gmt":"2014-02-11T17:07:39","guid":{"rendered":"http:\/\/www.eliascrespin.net\/?page_id=282"},"modified":"2024-08-12T15:00:24","modified_gmt":"2024-08-12T14:00:24","slug":"biografia","status":"publish","type":"page","link":"https:\/\/www.eliascrespin.net\/es\/biografia\/","title":{"rendered":"Biograf\u00eda"},"content":{"rendered":"<div class=\"hupso-share-buttons\"><!-- Hupso Share Buttons - https:\/\/www.hupso.com\/share\/ --><a class=\"hupso_toolbar\" href=\"https:\/\/www.hupso.com\/share\/\"><img decoding=\"async\" src=\"https:\/\/static.hupso.com\/share\/buttons\/dot.png\" style=\"border:0px; padding-top: 5px; float:left;\" alt=\"Share Button\"\/><\/a><script type=\"text\/javascript\">var hupso_services_t=new Array(\"Twitter\",\"Facebook\",\"Google Plus\",\"Pinterest\",\"Linkedin\");var hupso_background_t=\"#EAF4FF\";var hupso_border_t=\"#66CCFF\";var hupso_toolbar_size_t=\"big\";var hupso_image_folder_url = \"http:\/\/www.eliascrespin.net\/wp-content\/themes\/eliascrespin\/images\/social\/\";var hupso_twitter_via=\"eliascrespin\";var hupso_url_t=\"\";var hupso_title_t=\"Biograf%C3%ADa\";<\/script><script type=\"text\/javascript\" src=\"https:\/\/static.hupso.com\/share\/js\/share_toolbar.js\"><\/script><!-- Hupso Share Buttons --><\/div><div class='content-column one_half'><div id=\"attachment_5227\" style=\"width: 1343px\" class=\"wp-caption alignleft\"><img loading=\"lazy\" decoding=\"async\" aria-describedby=\"caption-attachment-5227\" class=\"wp-image-5227 size-full\" src=\"https:\/\/www.eliascrespin.net\/wp-content\/uploads\/2020\/07\/Mongodin-Elias-Crespin-au-Louvre.jpeg\" alt=\"\" width=\"1333\" height=\"2000\" srcset=\"https:\/\/www.eliascrespin.net\/wp-content\/uploads\/2020\/07\/Mongodin-Elias-Crespin-au-Louvre.jpeg 1333w, https:\/\/www.eliascrespin.net\/wp-content\/uploads\/2020\/07\/Mongodin-Elias-Crespin-au-Louvre-267x400.jpeg 267w, https:\/\/www.eliascrespin.net\/wp-content\/uploads\/2020\/07\/Mongodin-Elias-Crespin-au-Louvre-682x1024.jpeg 682w, https:\/\/www.eliascrespin.net\/wp-content\/uploads\/2020\/07\/Mongodin-Elias-Crespin-au-Louvre-768x1152.jpeg 768w, https:\/\/www.eliascrespin.net\/wp-content\/uploads\/2020\/07\/Mongodin-Elias-Crespin-au-Louvre-1024x1536.jpeg 1024w\" sizes=\"auto, (max-width: 1333px) 100vw, 1333px\" \/><p id=\"caption-attachment-5227\" class=\"wp-caption-text\">Elias Crespin y &#8216;L&#8217;Onde du Midi&#8217;, 2020 en el Mus\u00e9e du Louvre<br \/>\u00a9 mus\u00e9e du Louvre : Antoine Mongodin<\/p><\/div><\/div>\n<div class='content-column one_half last_column'><h3>Caracas (Venezuela), 1965<\/h3>\n<p>Las esculturas m\u00f3viles de Elias Crespin se componen de mallas met\u00e1licas modeladas a mano o de elementos individuales suspendidos por hilos invisibles, que forman en su conjunto figuras geom\u00e9tricas. Mediante motores dirigidos por una programaci\u00f3n inform\u00e1tica, las esculturas dibujan lentamente en el espacio una danza, transform\u00e1ndose de forma casi imperceptible, pasando de una forma a la otra siguiendo una coreograf\u00eda dise\u00f1ada por el artista. A esta investigaci\u00f3n que concierne el tiempo, la forma y el movimiento, Elias Crespin asocia a menudo el estudio del color a trav\u00e9s de la experimentaci\u00f3n con diferentes materiales y texturas, de la luz y de la sombra.\u00a0<\/p>\n<p>Elias Crespin estudi\u00f3 inform\u00e1tica en Caracas. Nieto de artistas e hijo de matem\u00e1ticos, empieza a trabajar su primera obra en 2002. Su trabajo fusiona sus dos universos de pertenencia, el arte y la inform\u00e1tica: partiendo de sus investigaciones en programaci\u00f3n, las aplica a las artes pl\u00e1sticas para crear esculturas en movimiento. Despu\u00e9s de dos a\u00f1os de trabajo, termina su primera pieza, <a title=\"Malla Electrocin\u00e9tica I\" href=\"https:\/\/www.eliascrespin.net\/es\/work\/malla-electrocinetica-1\/\"><em>Malla Electrocin\u00e9tica I<\/em><\/a>.<\/p>\n<p>Sus obras han sido expuestas en varias instituciones internacionales como la <a href=\"https:\/\/www.bienaldecuenca.org\">XIII Bienal de Cuenca<\/a> 2016, la <strong>Bienal de Busan<\/strong> Corea en 2014, en el <strong>Museum of Fine Arts Houston<\/strong>, el <a href=\"https:\/\/www.eliascrespin.net\/es\/exhibition\/negative-space-3\/\">Grand Palais<\/a> de Par\u00eds, la <a href=\"https:\/\/www.eliascrespin.net\/es\/exhibition\/slow-motion\/\">Maison de l&#8217;Am\u00e9rique Latine<\/a>, el <a href=\"https:\/\/www.eliascrespin.net\/es\/exhibition\/echo-revolution-xenakis\/\">Mus\u00e9e de la Musique<\/a>\u00a0de Par\u00eds, en la <strong>Fondation Boghossian<\/strong> y la <strong>Verri\u00e8re Herm\u00e8s<\/strong> de Bruselas, el <a href=\"https:\/\/www.eliascrespin.net\/es\/exhibition\/negative-space-3\/\">ZKM Center for Arts and media<\/a> de Karlsruhe, o el <span style=\"font-weight: 400;\"><a href=\"https:\/\/www.eliascrespin.net\/es\/exhibition\/immaterial-re-material-3\/\">Ullens center for contemporary art<\/a> en Beijing<\/span>. Sus esculturas est\u00e1n presentes en las colecciones permanentes de importantes instituciones como el <strong>Mus\u00e9e du Louvre<\/strong> y la <strong>Maison de l&#8217;Am\u00e9rique Latine<\/strong> de Par\u00eds, the <strong>Nelson Atkins Museum of Art<\/strong> de Kansas City, <strong>The Museum of Fine Arts de Houston<\/strong>, <strong>El Museo del Barrio<\/strong> de Nueva York, el <strong>Museo de Arte Latino Americano<\/strong> de Buenos Aires y el <strong>Museo Nacional de Bellas Artes de Buenos Aires<\/strong>.<\/p>\n<p>Desde 2008 vive y trabaja en Par\u00eds. <br \/><\/div><div class='clear_column'><\/div>\n","protected":false},"excerpt":{"rendered":"","protected":false},"author":1,"featured_media":0,"parent":0,"menu_order":1,"comment_status":"open","ping_status":"closed","template":"template-about.php","meta":{"footnotes":""},"class_list":["post-282","page","type-page","status-publish","hentry"],"yoast_head":"<!-- This site is optimized with the Yoast SEO plugin v27.5 - https:\/\/yoast.com\/product\/yoast-seo-wordpress\/ -->\n<title>Biograf\u00eda | Elias Crespin<\/title>\n<meta name=\"robots\" content=\"index, follow, max-snippet:-1, max-image-preview:large, max-video-preview:-1\" \/>\n<link rel=\"canonical\" href=\"https:\/\/www.eliascrespin.net\/es\/biografia\/\" \/>\n<meta property=\"og:locale\" content=\"es_ES\" \/>\n<meta property=\"og:type\" content=\"article\" \/>\n<meta property=\"og:title\" content=\"Biograf\u00eda | Elias Crespin\" \/>\n<meta property=\"og:url\" content=\"https:\/\/www.eliascrespin.net\/es\/biografia\/\" \/>\n<meta property=\"og:site_name\" content=\"Elias Crespin\" \/>\n<meta property=\"article:modified_time\" content=\"2024-08-12T14:00:24+00:00\" \/>\n<meta property=\"og:image\" content=\"https:\/\/www.eliascrespin.net\/wp-content\/uploads\/2020\/07\/Mongodin-Elias-Crespin-au-Louvre.jpeg\" \/>\n<meta name=\"twitter:label1\" content=\"Tiempo de lectura\" \/>\n\t<meta name=\"twitter:data1\" content=\"2 minutos\" \/>\n<script type=\"application\/ld+json\" class=\"yoast-schema-graph\">{\"@context\":\"https:\\\/\\\/schema.org\",\"@graph\":[{\"@type\":\"WebPage\",\"@id\":\"https:\\\/\\\/www.eliascrespin.net\\\/es\\\/biografia\\\/\",\"url\":\"https:\\\/\\\/www.eliascrespin.net\\\/es\\\/biografia\\\/\",\"name\":\"Biograf\u00eda | Elias Crespin\",\"isPartOf\":{\"@id\":\"https:\\\/\\\/www.eliascrespin.net\\\/#website\"},\"primaryImageOfPage\":{\"@id\":\"https:\\\/\\\/www.eliascrespin.net\\\/es\\\/biografia\\\/#primaryimage\"},\"image\":{\"@id\":\"https:\\\/\\\/www.eliascrespin.net\\\/es\\\/biografia\\\/#primaryimage\"},\"thumbnailUrl\":\"https:\\\/\\\/www.eliascrespin.net\\\/wp-content\\\/uploads\\\/2020\\\/07\\\/Mongodin-Elias-Crespin-au-Louvre.jpeg\",\"datePublished\":\"2014-02-11T17:07:39+00:00\",\"dateModified\":\"2024-08-12T14:00:24+00:00\",\"breadcrumb\":{\"@id\":\"https:\\\/\\\/www.eliascrespin.net\\\/es\\\/biografia\\\/#breadcrumb\"},\"inLanguage\":\"es\",\"potentialAction\":[{\"@type\":\"ReadAction\",\"target\":[\"https:\\\/\\\/www.eliascrespin.net\\\/es\\\/biografia\\\/\"]}]},{\"@type\":\"ImageObject\",\"inLanguage\":\"es\",\"@id\":\"https:\\\/\\\/www.eliascrespin.net\\\/es\\\/biografia\\\/#primaryimage\",\"url\":\"https:\\\/\\\/www.eliascrespin.net\\\/wp-content\\\/uploads\\\/2020\\\/07\\\/Mongodin-Elias-Crespin-au-Louvre.jpeg\",\"contentUrl\":\"https:\\\/\\\/www.eliascrespin.net\\\/wp-content\\\/uploads\\\/2020\\\/07\\\/Mongodin-Elias-Crespin-au-Louvre.jpeg\"},{\"@type\":\"BreadcrumbList\",\"@id\":\"https:\\\/\\\/www.eliascrespin.net\\\/es\\\/biografia\\\/#breadcrumb\",\"itemListElement\":[{\"@type\":\"ListItem\",\"position\":1,\"name\":\"Accueil\",\"item\":\"https:\\\/\\\/www.eliascrespin.net\\\/es\\\/\"},{\"@type\":\"ListItem\",\"position\":2,\"name\":\"Biograf\u00eda\"}]},{\"@type\":\"WebSite\",\"@id\":\"https:\\\/\\\/www.eliascrespin.net\\\/#website\",\"url\":\"https:\\\/\\\/www.eliascrespin.net\\\/\",\"name\":\"Elias Crespin\",\"description\":\"Latest news from Atelier Crespin\",\"potentialAction\":[{\"@type\":\"SearchAction\",\"target\":{\"@type\":\"EntryPoint\",\"urlTemplate\":\"https:\\\/\\\/www.eliascrespin.net\\\/?s={search_term_string}\"},\"query-input\":{\"@type\":\"PropertyValueSpecification\",\"valueRequired\":true,\"valueName\":\"search_term_string\"}}],\"inLanguage\":\"es\"}]}<\/script>\n<!-- \/ Yoast SEO plugin. -->","yoast_head_json":{"title":"Biograf\u00eda | Elias Crespin","robots":{"index":"index","follow":"follow","max-snippet":"max-snippet:-1","max-image-preview":"max-image-preview:large","max-video-preview":"max-video-preview:-1"},"canonical":"https:\/\/www.eliascrespin.net\/es\/biografia\/","og_locale":"es_ES","og_type":"article","og_title":"Biograf\u00eda | Elias Crespin","og_url":"https:\/\/www.eliascrespin.net\/es\/biografia\/","og_site_name":"Elias Crespin","article_modified_time":"2024-08-12T14:00:24+00:00","og_image":[{"url":"https:\/\/www.eliascrespin.net\/wp-content\/uploads\/2020\/07\/Mongodin-Elias-Crespin-au-Louvre.jpeg","type":"","width":"","height":""}],"twitter_misc":{"Tiempo de lectura":"2 minutos"},"schema":{"@context":"https:\/\/schema.org","@graph":[{"@type":"WebPage","@id":"https:\/\/www.eliascrespin.net\/es\/biografia\/","url":"https:\/\/www.eliascrespin.net\/es\/biografia\/","name":"Biograf\u00eda | Elias Crespin","isPartOf":{"@id":"https:\/\/www.eliascrespin.net\/#website"},"primaryImageOfPage":{"@id":"https:\/\/www.eliascrespin.net\/es\/biografia\/#primaryimage"},"image":{"@id":"https:\/\/www.eliascrespin.net\/es\/biografia\/#primaryimage"},"thumbnailUrl":"https:\/\/www.eliascrespin.net\/wp-content\/uploads\/2020\/07\/Mongodin-Elias-Crespin-au-Louvre.jpeg","datePublished":"2014-02-11T17:07:39+00:00","dateModified":"2024-08-12T14:00:24+00:00","breadcrumb":{"@id":"https:\/\/www.eliascrespin.net\/es\/biografia\/#breadcrumb"},"inLanguage":"es","potentialAction":[{"@type":"ReadAction","target":["https:\/\/www.eliascrespin.net\/es\/biografia\/"]}]},{"@type":"ImageObject","inLanguage":"es","@id":"https:\/\/www.eliascrespin.net\/es\/biografia\/#primaryimage","url":"https:\/\/www.eliascrespin.net\/wp-content\/uploads\/2020\/07\/Mongodin-Elias-Crespin-au-Louvre.jpeg","contentUrl":"https:\/\/www.eliascrespin.net\/wp-content\/uploads\/2020\/07\/Mongodin-Elias-Crespin-au-Louvre.jpeg"},{"@type":"BreadcrumbList","@id":"https:\/\/www.eliascrespin.net\/es\/biografia\/#breadcrumb","itemListElement":[{"@type":"ListItem","position":1,"name":"Accueil","item":"https:\/\/www.eliascrespin.net\/es\/"},{"@type":"ListItem","position":2,"name":"Biograf\u00eda"}]},{"@type":"WebSite","@id":"https:\/\/www.eliascrespin.net\/#website","url":"https:\/\/www.eliascrespin.net\/","name":"Elias Crespin","description":"Latest news from Atelier Crespin","potentialAction":[{"@type":"SearchAction","target":{"@type":"EntryPoint","urlTemplate":"https:\/\/www.eliascrespin.net\/?s={search_term_string}"},"query-input":{"@type":"PropertyValueSpecification","valueRequired":true,"valueName":"search_term_string"}}],"inLanguage":"es"}]}},"_links":{"self":[{"href":"https:\/\/www.eliascrespin.net\/es\/wp-json\/wp\/v2\/pages\/282","targetHints":{"allow":["GET"]}}],"collection":[{"href":"https:\/\/www.eliascrespin.net\/es\/wp-json\/wp\/v2\/pages"}],"about":[{"href":"https:\/\/www.eliascrespin.net\/es\/wp-json\/wp\/v2\/types\/page"}],"author":[{"embeddable":true,"href":"https:\/\/www.eliascrespin.net\/es\/wp-json\/wp\/v2\/users\/1"}],"replies":[{"embeddable":true,"href":"https:\/\/www.eliascrespin.net\/es\/wp-json\/wp\/v2\/comments?post=282"}],"version-history":[{"count":13,"href":"https:\/\/www.eliascrespin.net\/es\/wp-json\/wp\/v2\/pages\/282\/revisions"}],"predecessor-version":[{"id":9824,"href":"https:\/\/www.eliascrespin.net\/es\/wp-json\/wp\/v2\/pages\/282\/revisions\/9824"}],"wp:attachment":[{"href":"https:\/\/www.eliascrespin.net\/es\/wp-json\/wp\/v2\/media?parent=282"}],"curies":[{"name":"wp","href":"https:\/\/api.w.org\/{rel}","templated":true}]}}