{"id":253,"date":"2014-02-11T15:55:55","date_gmt":"2014-02-11T14:55:55","guid":{"rendered":"http:\/\/www.eliascrespin.net\/?page_id=253"},"modified":"2014-04-30T18:20:57","modified_gmt":"2014-04-30T17:20:57","slug":"home-page-espagnol","status":"publish","type":"page","link":"https:\/\/www.eliascrespin.net\/es\/","title":{"rendered":"P\u00e1gina inicial"},"content":{"rendered":"<div class=\"hupso-share-buttons\"><!-- Hupso Share Buttons - https:\/\/www.hupso.com\/share\/ --><a class=\"hupso_toolbar\" href=\"https:\/\/www.hupso.com\/share\/\"><img decoding=\"async\" src=\"https:\/\/static.hupso.com\/share\/buttons\/dot.png\" style=\"border:0px; padding-top: 5px; float:left;\" alt=\"Share Button\"\/><\/a><script type=\"text\/javascript\">var hupso_services_t=new Array(\"Twitter\",\"Facebook\",\"Google Plus\",\"Pinterest\",\"Linkedin\");var hupso_background_t=\"#EAF4FF\";var hupso_border_t=\"#66CCFF\";var hupso_toolbar_size_t=\"big\";var hupso_image_folder_url = \"http:\/\/www.eliascrespin.net\/wp-content\/themes\/eliascrespin\/images\/social\/\";var hupso_twitter_via=\"eliascrespin\";var hupso_url_t=\"\";var hupso_title_t=\"P%C3%A1gina%20inicial\";<\/script><script type=\"text\/javascript\" src=\"https:\/\/static.hupso.com\/share\/js\/share_toolbar.js\"><\/script><!-- Hupso Share Buttons --><\/div>","protected":false},"excerpt":{"rendered":"","protected":false},"author":1,"featured_media":0,"parent":0,"menu_order":0,"comment_status":"open","ping_status":"open","template":"template-home.php","meta":{"footnotes":""},"class_list":["post-253","page","type-page","status-publish","hentry"],"yoast_head":"<!-- This site is optimized with the Yoast SEO plugin v27.4 - https:\/\/yoast.com\/product\/yoast-seo-wordpress\/ -->\n<title>Elias Crespin | P\u00e1gina oficial<\/title>\n<meta name=\"description\" content=\"Elias Crespin (Caracas, 1965) es un artista venezolano que vive y trabaja en Par\u00eds. Sus esculturas electrocin\u00e9ticas flotan en el espacio, dibujando movimientos similares en un baile a trav\u00e9s de un programa inform\u00e1tico que traduce f\u00f3rmulas matem\u00e1ticas en movimiento.\" \/>\n<meta name=\"robots\" content=\"index, follow, max-snippet:-1, max-image-preview:large, max-video-preview:-1\" \/>\n<link rel=\"canonical\" href=\"https:\/\/www.eliascrespin.net\/es\/\" \/>\n<meta property=\"og:locale\" content=\"es_ES\" \/>\n<meta property=\"og:type\" content=\"article\" \/>\n<meta property=\"og:title\" content=\"Elias Crespin | P\u00e1gina oficial\" \/>\n<meta property=\"og:description\" content=\"Elias Crespin (Caracas, 1965) es un artista venezolano que vive y trabaja en Par\u00eds. Sus esculturas electrocin\u00e9ticas flotan en el espacio, dibujando movimientos similares en un baile a trav\u00e9s de un programa inform\u00e1tico que traduce f\u00f3rmulas matem\u00e1ticas en movimiento.\" \/>\n<meta property=\"og:url\" content=\"https:\/\/www.eliascrespin.net\/es\/\" \/>\n<meta property=\"og:site_name\" content=\"Elias Crespin\" \/>\n<meta property=\"article:modified_time\" content=\"2014-04-30T17:20:57+00:00\" \/>\n<script type=\"application\/ld+json\" class=\"yoast-schema-graph\">{\"@context\":\"https:\\\/\\\/schema.org\",\"@graph\":[{\"@type\":\"WebPage\",\"@id\":\"https:\\\/\\\/www.eliascrespin.net\\\/es\\\/\",\"url\":\"https:\\\/\\\/www.eliascrespin.net\\\/es\\\/\",\"name\":\"Elias Crespin | P\u00e1gina oficial\",\"isPartOf\":{\"@id\":\"https:\\\/\\\/www.eliascrespin.net\\\/#website\"},\"datePublished\":\"2014-02-11T14:55:55+00:00\",\"dateModified\":\"2014-04-30T17:20:57+00:00\",\"description\":\"Elias Crespin (Caracas, 1965) es un artista venezolano que vive y trabaja en Par\u00eds. Sus esculturas electrocin\u00e9ticas flotan en el espacio, dibujando movimientos similares en un baile a trav\u00e9s de un programa inform\u00e1tico que traduce f\u00f3rmulas matem\u00e1ticas en movimiento.\",\"breadcrumb\":{\"@id\":\"https:\\\/\\\/www.eliascrespin.net\\\/es\\\/#breadcrumb\"},\"inLanguage\":\"es\",\"potentialAction\":[{\"@type\":\"ReadAction\",\"target\":[\"https:\\\/\\\/www.eliascrespin.net\\\/es\\\/\"]}]},{\"@type\":\"BreadcrumbList\",\"@id\":\"https:\\\/\\\/www.eliascrespin.net\\\/es\\\/#breadcrumb\",\"itemListElement\":[{\"@type\":\"ListItem\",\"position\":1,\"name\":\"Accueil\",\"item\":\"https:\\\/\\\/www.eliascrespin.net\\\/es\\\/\"},{\"@type\":\"ListItem\",\"position\":2,\"name\":\"P\u00e1gina inicial\"}]},{\"@type\":\"WebSite\",\"@id\":\"https:\\\/\\\/www.eliascrespin.net\\\/#website\",\"url\":\"https:\\\/\\\/www.eliascrespin.net\\\/\",\"name\":\"Elias Crespin\",\"description\":\"Latest news from Atelier Crespin\",\"potentialAction\":[{\"@type\":\"SearchAction\",\"target\":{\"@type\":\"EntryPoint\",\"urlTemplate\":\"https:\\\/\\\/www.eliascrespin.net\\\/?s={search_term_string}\"},\"query-input\":{\"@type\":\"PropertyValueSpecification\",\"valueRequired\":true,\"valueName\":\"search_term_string\"}}],\"inLanguage\":\"es\"}]}<\/script>\n<!-- \/ Yoast SEO plugin. -->","yoast_head_json":{"title":"Elias Crespin | P\u00e1gina oficial","description":"Elias Crespin (Caracas, 1965) es un artista venezolano que vive y trabaja en Par\u00eds. Sus esculturas electrocin\u00e9ticas flotan en el espacio, dibujando movimientos similares en un baile a trav\u00e9s de un programa inform\u00e1tico que traduce f\u00f3rmulas matem\u00e1ticas en movimiento.","robots":{"index":"index","follow":"follow","max-snippet":"max-snippet:-1","max-image-preview":"max-image-preview:large","max-video-preview":"max-video-preview:-1"},"canonical":"https:\/\/www.eliascrespin.net\/es\/","og_locale":"es_ES","og_type":"article","og_title":"Elias Crespin | P\u00e1gina oficial","og_description":"Elias Crespin (Caracas, 1965) es un artista venezolano que vive y trabaja en Par\u00eds. Sus esculturas electrocin\u00e9ticas flotan en el espacio, dibujando movimientos similares en un baile a trav\u00e9s de un programa inform\u00e1tico que traduce f\u00f3rmulas matem\u00e1ticas en movimiento.","og_url":"https:\/\/www.eliascrespin.net\/es\/","og_site_name":"Elias Crespin","article_modified_time":"2014-04-30T17:20:57+00:00","schema":{"@context":"https:\/\/schema.org","@graph":[{"@type":"WebPage","@id":"https:\/\/www.eliascrespin.net\/es\/","url":"https:\/\/www.eliascrespin.net\/es\/","name":"Elias Crespin | P\u00e1gina oficial","isPartOf":{"@id":"https:\/\/www.eliascrespin.net\/#website"},"datePublished":"2014-02-11T14:55:55+00:00","dateModified":"2014-04-30T17:20:57+00:00","description":"Elias Crespin (Caracas, 1965) es un artista venezolano que vive y trabaja en Par\u00eds. Sus esculturas electrocin\u00e9ticas flotan en el espacio, dibujando movimientos similares en un baile a trav\u00e9s de un programa inform\u00e1tico que traduce f\u00f3rmulas matem\u00e1ticas en movimiento.","breadcrumb":{"@id":"https:\/\/www.eliascrespin.net\/es\/#breadcrumb"},"inLanguage":"es","potentialAction":[{"@type":"ReadAction","target":["https:\/\/www.eliascrespin.net\/es\/"]}]},{"@type":"BreadcrumbList","@id":"https:\/\/www.eliascrespin.net\/es\/#breadcrumb","itemListElement":[{"@type":"ListItem","position":1,"name":"Accueil","item":"https:\/\/www.eliascrespin.net\/es\/"},{"@type":"ListItem","position":2,"name":"P\u00e1gina inicial"}]},{"@type":"WebSite","@id":"https:\/\/www.eliascrespin.net\/#website","url":"https:\/\/www.eliascrespin.net\/","name":"Elias Crespin","description":"Latest news from Atelier Crespin","potentialAction":[{"@type":"SearchAction","target":{"@type":"EntryPoint","urlTemplate":"https:\/\/www.eliascrespin.net\/?s={search_term_string}"},"query-input":{"@type":"PropertyValueSpecification","valueRequired":true,"valueName":"search_term_string"}}],"inLanguage":"es"}]}},"_links":{"self":[{"href":"https:\/\/www.eliascrespin.net\/es\/wp-json\/wp\/v2\/pages\/253","targetHints":{"allow":["GET"]}}],"collection":[{"href":"https:\/\/www.eliascrespin.net\/es\/wp-json\/wp\/v2\/pages"}],"about":[{"href":"https:\/\/www.eliascrespin.net\/es\/wp-json\/wp\/v2\/types\/page"}],"author":[{"embeddable":true,"href":"https:\/\/www.eliascrespin.net\/es\/wp-json\/wp\/v2\/users\/1"}],"replies":[{"embeddable":true,"href":"https:\/\/www.eliascrespin.net\/es\/wp-json\/wp\/v2\/comments?post=253"}],"version-history":[{"count":3,"href":"https:\/\/www.eliascrespin.net\/es\/wp-json\/wp\/v2\/pages\/253\/revisions"}],"predecessor-version":[{"id":1669,"href":"https:\/\/www.eliascrespin.net\/es\/wp-json\/wp\/v2\/pages\/253\/revisions\/1669"}],"wp:attachment":[{"href":"https:\/\/www.eliascrespin.net\/es\/wp-json\/wp\/v2\/media?parent=253"}],"curies":[{"name":"wp","href":"https:\/\/api.w.org\/{rel}","templated":true}]}}