{"id":1238,"date":"2014-02-11T19:54:27","date_gmt":"2014-02-11T18:54:27","guid":{"rendered":"http:\/\/www.eliascrespin.net\/?page_id=1238"},"modified":"2025-06-02T15:22:27","modified_gmt":"2025-06-02T14:22:27","slug":"curriculo","status":"publish","type":"page","link":"https:\/\/www.eliascrespin.net\/es\/curriculo\/","title":{"rendered":"CV"},"content":{"rendered":"<div class=\"hupso-share-buttons\"><!-- Hupso Share Buttons - https:\/\/www.hupso.com\/share\/ --><a class=\"hupso_toolbar\" href=\"https:\/\/www.hupso.com\/share\/\"><img decoding=\"async\" src=\"https:\/\/static.hupso.com\/share\/buttons\/dot.png\" style=\"border:0px; padding-top: 5px; float:left;\" alt=\"Share Button\"\/><\/a><script type=\"text\/javascript\">var hupso_services_t=new Array(\"Twitter\",\"Facebook\",\"Google Plus\",\"Pinterest\",\"Linkedin\");var hupso_background_t=\"#EAF4FF\";var hupso_border_t=\"#66CCFF\";var hupso_toolbar_size_t=\"big\";var hupso_image_folder_url = \"http:\/\/www.eliascrespin.net\/wp-content\/themes\/eliascrespin\/images\/social\/\";var hupso_twitter_via=\"eliascrespin\";var hupso_url_t=\"\";var hupso_title_t=\"CV\";<\/script><script type=\"text\/javascript\" src=\"https:\/\/static.hupso.com\/share\/js\/share_toolbar.js\"><\/script><!-- Hupso Share Buttons --><\/div><div class='content-column one_third'><p>EXPOSICIONES INDIVIDUALES<\/p>\n<p>2025<\/p>\n<p><a href=\"https:\/\/www.eliascrespin.net\/exhibition\/continuum\/\"><em>CONTINUUM, Obras de Elias Crespin (2016-2025)<\/em><\/a>, Hacienda La Trinidad, Caracas, Venezuela<\/p>\n<p>2024<\/p>\n<p><a href=\"https:\/\/www.eliascrespin.net\/es\/exhibition\/chronomorphosis\/\"><em>Chronomorphosis<\/em><\/a>, Bildmuseet, Ume\u00e5, Sueca<\/p>\n<p>2023<\/p>\n<p><a href=\"https:\/\/www.eliascrespin.net\/es\/exhibition\/tempomorphosis\/\"><em>Tempomorphosis<\/em><\/a>, Sicardi Gallery, Houston, TX, Estados Unidos<\/p>\n<p><a href=\"https:\/\/www.eliascrespin.net\/es\/exhibition\/9495\/\"><em>Cosmologies<\/em><\/a>, Bar\u00f3 Galer\u00eda, Palma de Mallorca, Espa\u00f1a<\/p>\n<p>2021<\/p>\n<p><a href=\"https:\/\/www.eliascrespin.net\/es\/exhibition\/elias-crespin-and-yet-it-moves\/\"><i>And Yet it Moves!<\/i><\/a>, Sicardi Gallery, Houston, TX, Estados Unidos<\/p>\n<p>2020<\/p>\n<p><i>Elias Crespin<\/i>, Galerie Denise Ren\u00e9, Par\u00eds, Francia<\/p>\n<p>2018<\/p>\n<p><a href=\"https:\/\/www.eliascrespin.net\/es\/exhibition\/formes-espace-temps-2\/\"><i>Formes, espace-temps<\/i><\/a>, Galerie Denise Ren\u00e9, Par\u00eds, Francia<\/p>\n<p>2017<\/p>\n<p><em>Slow Motion,\u00a0<\/em>Maison de l&#8217;Am\u00e9rique Latine, Par\u00eds, Francia<\/p>\n<p>2015<\/p>\n<p><i><a title=\"Coreograf\u00edas geom\u00e9tricas\" href=\"https:\/\/www.eliascrespin.net\/es\/exhibition\/coreografias-geometricas\/\">Coregraf\u00edas geom\u00e9tricas<\/a>,\u00a0<\/i>Kleines Museum, Weissenstadt, Alemania<\/p>\n<p>2014<\/p>\n<p><a title=\"Elias Crespin\" href=\"https:\/\/www.eliascrespin.net\/es\/exhibition\/elias-crespin\/\"><em>Elias Crespin<\/em><\/a>, Galerie Denise Ren\u00e9, Par\u00eds, Francia<\/p>\n<p><a title=\"De fil(s) et d\u2019air\" href=\"https:\/\/www.eliascrespin.net\/es\/exhibition\/de-fils-dair\/\"><em>De fil(s) et d&#8217;air<\/em><\/a>, Designer&#8217;s Days 2014, en collaboraci\u00f3n con\u00a0Tai Ping Carpets, Par\u00eds, Francia<\/p>\n<p><em><a href=\"https:\/\/www.eliascrespin.net\/es\/exhibition\/elias-crespin-temps-suspendu\/\">Elias Crespin. Temps suspendu<\/a><\/em>, Galerie de la Marine, Niza, Francia<\/p>\n<p>2012<\/p>\n<p><em><a href=\"https:\/\/www.eliascrespin.net\/es\/exhibition\/et-op-musee-en-herbe-paris\/\">Et Op ! Elias Crespin<\/a><\/em>, Mus\u00e9e en Herbe, Par\u00eds, Francia<\/p>\n<p><em><a href=\"https:\/\/www.eliascrespin.net\/es\/exhibition\/elias-crespin-parallels\/\">Elias Crespin. Parallels<\/a><\/em>, Cecilia de Torres Ltd., New York, NY, Estados Unidos<\/p>\n<p>2011<\/p>\n<p><em><a title=\"Elias Crespin Electrokinetics\" href=\"https:\/\/www.eliascrespin.net\/es\/exhibition\/elias-crespin-electrokinetics\/\">Visionary Collection Vol. 14. Elias Crespin Electrokinetics<\/a><\/em>, Haus Konstruktiv, Zurich, Suiza<\/p>\n<p>2010<\/p>\n<p><em><a title=\"Hiperficies\" href=\"https:\/\/www.eliascrespin.net\/es\/exhibition\/hiperficies\/\">Hiperficies<\/a><\/em>, Ars Longa Gallery, Par\u00eds, Francia<\/p>\n<p>2006<\/p>\n<p><em>Electrocin\u00e9ticas<\/em>, Canal Centro de Producci\u00f3n Cultural, Caracas, Venezuela<\/p>\n<p>&nbsp;<\/p>\n<p>EXPOSICIONES COLECTIVAS<\/p>\n<p>2025<\/p>\n<p class=\"cvGsUA direction-ltr align-justify para-style-body\"><span class=\"OYPEnA font-feature-liga-off font-feature-clig-off font-feature-calt-off text-decoration-none text-strikethrough-none\"><em>The Other Side of the Moon<\/em>, <\/span><span class=\"OYPEnA font-feature-liga-off font-feature-clig-off font-feature-calt-off text-decoration-none text-strikethrough-none\">Bar\u00f3 Abu Dhabi + O-Contemporary, Abu Dhabi, \u00c9mirats Arabes Unis<\/span><\/p>\n<p class=\"cvGsUA direction-ltr align-justify para-style-body\"><em><a href=\"https:\/\/www.eliascrespin.net\/es\/exhibition\/intersections\/\"><span class=\"OYPEnA font-feature-liga-off font-feature-clig-off font-feature-calt-off text-decoration-none text-strikethrough-none\">Intersections<\/span><\/a><\/em><span class=\"OYPEnA font-feature-liga-off font-feature-clig-off font-feature-calt-off text-decoration-none text-strikethrough-none\">, Bar\u00f3 Abu Dhabi + O-Contemporary, Abu Dhabi, \u00c9mirats Arabes Unis<\/span><\/p>\n<p>2024<\/p>\n<p><a href=\"https:\/\/daf.moc.gov.sa\/en\/program\/art-must-be-artificial-perspectives-ai-visual-arts\"><em><span class=\"OYPEnA font-feature-liga-off font-feature-clig-off font-feature-calt-off text-decoration-none text-strikethrough-none\">Art Must Be Artificial<\/span><\/em><\/a><span class=\"OYPEnA font-feature-liga-off font-feature-clig-off font-feature-calt-off text-decoration-none text-strikethrough-none\">, Diriyah Art Futures, Riyadh, Arabia Saudita<\/span><\/p>\n<p><a href=\"https:\/\/www.mal217.org\/fr\/expositions\/une-breve-histoire-de-fils\"><em><span class=\"OYPEnA font-feature-liga-off font-feature-clig-off font-feature-calt-off text-decoration-none text-strikethrough-none\">Une br\u00e8ve histoire de Fils (de 1960 \u00e0 nos jours)<\/span><\/em><\/a><span class=\"OYPEnA font-feature-liga-off font-feature-clig-off font-feature-calt-off text-decoration-none text-strikethrough-none\">, Maison de l&#8217;Am\u00e9rique latine, Paris, France<\/span><\/p>\n<p><em><a href=\"https:\/\/www.eliascrespin.net\/es\/exhibition\/les-mondes-imaginaires\/\">Les mondes imaginaires<\/a><\/em>, Espace Monte-Cristo, Fondation Villa Datris, Paris, France<\/p>\n<p>2023<\/p>\n<p><a href=\"https:\/\/www.eliascrespin.net\/es\/exhibition\/16-artistes-2-medias\/\"><em>16 artistes &#8211; 2 m\u00e9dias<\/em><\/a>, Galerie Denise Ren\u00e9, Paris, France<\/p>\n<p>2022<\/p>\n<p><a href=\"https:\/\/www.eliascrespin.net\/es\/exhibition\/elias-crespin-felipe-pantone-convergences\/\"><em>Elias Crespin &amp; Felipe Pantone. Convergences<\/em><\/a>, RGR+ Art Gallery, Mexico City, Mexique<\/p>\n<p><em><a href=\"https:\/\/www.eliascrespin.net\/es\/exhibition\/vibrations\/\">Vibrations<\/a><\/em>, Danysz Gallery, Shanghai, Chine<\/p>\n<p>2022<\/p>\n<p><a href=\"https:\/\/www.eliascrespin.net\/es\/exhibition\/cinetique\/\"><i>Cin\u00e9tique !<\/i><\/a>, Fondation Datris &#8211; Espace Monte-Cristo, Pari\u0301s, Francia<\/p>\n<p><a href=\"https:\/\/www.eliascrespin.net\/es\/exhibition\/art-et-programmation\/\"><i>Art et Programmation<\/i><\/a>, Galerie Denise Ren\u00e9, Pari\u0301s, Francia<\/p>\n<p><a href=\"https:\/\/www.eliascrespin.net\/es\/exhibition\/echo-revolution-xenakis\/\"><i>\u00c9chos &#8211; R\u00e9volution Xenakis<\/i><\/a>, Mus\u00e9e de la Musique, Philharmonie de Paris, Pari\u0301s, Francia<\/p>\n<p><a href=\"https:\/\/www.eliascrespin.net\/es\/exhibition\/lumiere-espace-temps\/\"><i>Lumi\u00e8re Espace Temps<\/i><\/a>, La Grenier \u00e0 Sel, Avignon, Francia<\/p>\n<p>2021<\/p>\n<p><i>Retour \u00e0 la ligne<\/i>, Galerie Denise Ren\u00e9, Pari\u0301s, Francia<\/p>\n<p><i>Dynamique du bleu<\/i>, Galerie Denise Ren\u00e9, Pari\u0301s, Francia<\/p>\n<p><i>Structure du silence<\/i>, Galerie Denise Ren\u00e9, Pari\u0301s, Francia<\/p>\n<p>2020<\/p>\n<p><i>Immaterial \/ Re-material: A brief history of computing art<\/i>, UCCA, Beijing, China<\/p>\n<p><i>Exploring<\/i>, Wuling Art Space, Beijing, China<\/p>\n<p><i>Hard Edge, <\/i>Galerie Denise Ren\u00e9, Pari\u0301s, Francia\u00a0<\/p>\n<p><i>Espace et tension, une s\u00e9lection d&#8217;artistes contemporains, <\/i>Galerie Denise Ren\u00e9, Pari\u0301s, Francia<\/p>\n<p>2019<\/p>\n<p><i>Shadows<\/i>, Galerie Italienne, Par\u00eds, Francia\u00a0<\/p>\n<p><i>Negative Space<\/i>, ZKM Center for Art and Media, Karlsruhe, Alemania\u00a0<\/p>\n<p><i>Post Shadows<\/i>, Galerie Italienne, Par\u00eds, Francia\u00a0<\/p>\n<p><i>Immat\u00e9rialit\u00e9<\/i>, Topographie de l\u2019Art, Par\u00eds, Francia\u00a0<\/p>\n<p><i>Ondes<\/i>, Galerie par Graf Notaires, Par\u00eds, Francia\u00a0<\/p>\n<p><i>Kinetic masters and their legacy<\/i>, Cecilia de Torres Ltd., New York, NY, Estados Unidos<\/p>\n<p>2018<\/p>\n<p><a href=\"https:\/\/www.eliascrespin.net\/es\/exhibition\/carre-latin-2018\/\"><i>Festival Carr\u00e9 Latin 2018<\/i><\/a>, Palais Royal, Par\u00eds, Francia<\/p>\n<p><a href=\"https:\/\/www.eliascrespin.net\/es\/exhibition\/forces-et-mouvement\/\"><i>Forces et mouvement<\/i><\/a>, Galerie Fran\u00e7ois L\u00e9age, Par\u00eds, Francia<\/p>\n<p><a href=\"https:\/\/www.eliascrespin.net\/es\/exhibition\/artistes-robots\/\"><i>Artistes &amp; Robots<\/i><\/a>, R\u00e9union des Mus\u00e9es Nationaux &#8211; Grand Palais, Par\u00eds, Francia<\/p>\n<p><a href=\"https:\/\/www.eliascrespin.net\/es\/exhibition\/de-nature-en-sculpture\/\"><i>De Nature en Sculpture<\/i><\/a>, Fondation Datris &#8211; Espace Monte-Cristo, Par\u00eds, Francia<\/p>\n<p><i>Les amis de Nicolas Sch\u00f6ffer<\/i>, La Ville A des Arts, Par\u00eds, Francia<\/p>\n<p>2017<\/p>\n<p><i>Expanding the Line<\/i>, Cecilia de Torres Ltd., New York, NY, Estados Unidos<\/p>\n<p><i>Geometr<\/i><i>\u00eda en Movimiento<\/i>, Galeria RGR+ART, Mexico City, Mexico<\/p>\n<p><a href=\"https:\/\/www.eliascrespin.net\/es\/exhibition\/artists-robots\/\"><i>Artists &amp; Robots<\/i><\/a>, Astana Contemporary Art Center, Astana, Kazakhstan<\/p>\n<p><i>The Urge to create Visions&#8230;1929-2017, <\/i>Center of Polish Sculpture, Oronsko, Polania<\/p>\n<p><a href=\"https:\/\/www.eliascrespin.net\/es\/exhibition\/de-nature-sculpture-3\/\"><i>De Nature en Sculpture<\/i><\/a>, Fondation Villa Datris, L\u2019Isle-sur-la-Sorgue, Francia<\/p>\n<p><i>Lumi\u00e8re et mouvement<\/i>, Galerie Denise Ren\u00e9, Par\u00eds, Francia<\/div><div class='content-column one_third'><p>2016<\/p>\n<p><em><a href=\"https:\/\/www.bienaldecuenca.org\/menu\/detalle\/data\/aWQ9OTE%3D\">Impermanencia<\/a><\/em>, XIII Bienal de Cuenca,\u00a0Ecuador<\/p>\n<p><em><a href=\"https:\/\/hdemontferrand.com\/content\/dialogue-ding-yi-elias-crespin\">Dialogue. Ding Yi &#8211; Elias Crespin<\/a><\/em>, Hadrien de Montferrand Gallery, Pek\u00edn, China<\/p>\n<p><em><a href=\"https:\/\/www.maisonparticuliere.be\/en\/current\/1067.html\" target=\"_blank\" rel=\"noopener noreferrer\">Everybody is crazy but me<\/a>,\u00a0<\/em>Maison particuli\u00e8re, Bruselas, Belgica<\/p>\n<p><em>Cercle et carr\u00e9,\u00a0<\/em>Galerie Denise Ren\u00e9 Espace Marais, Par\u00eds, Francia<\/p>\n<p><em><a href=\"https:\/\/www.espaciomonitor.com\/vision-constructiva-once-11-samuel-yanes-cimiento\/\" target=\"_blank\" rel=\"noopener noreferrer\">Visi\u00f3n constructiva<\/a>,\u00a0<\/em>Espacio Monitor, Caracas,\u00a0Venezuela<\/p>\n<p>2015<\/p>\n<p><em><a href=\"https:\/\/www.eliascrespin.net\/exhibition\/vers-une-architecture-de-lumiere\/\">Vers une architecture de lumi\u00e8re<\/a>,\u00a0<\/em>La Chartreuse, Villeneuve lez Avignon, Francia<\/p>\n<p><em><a href=\"https:\/\/www.espaciomonitor.com\/seleccion-relacion\/\" target=\"_blank\" rel=\"noopener noreferrer\">Selecci\u00f3n = Relaci\u00f3n<\/a><\/em>,\u00a0Espacio Monitor, Los Galpones, Caracas, Venezuela<\/p>\n<p><em>Cin\u00e9tique num\u00e9rique aujourd&#8217;hui<\/em>, Galerie Denise Ren\u00e9, Par\u00eds, Francia<\/p>\n<p><em><a href=\"https:\/\/2015.mappingfestival.com\/exhibitions\/trianguconcentricos-rouge-fluo\" target=\"_blank\" rel=\"noopener noreferrer\">Mapping Festival<\/a><\/em>, Ginebra,\u00a0Suiza<\/p>\n<p><em>L&#8217;art et le num\u00e9rique en r\u00e9sonance 2\/3 : R\u00e9-\u00e9mergence,\u00a0<\/em>Maison populaire, Montreuil, Francia<\/p>\n<p><em>Editions et multiples,\u00a0<\/em>Galerie Denise Ren\u00e9, Par\u00eds, Francia<\/p>\n<p><em>Noir et blanc<\/em>, Galerie Denise Ren\u00e9, Par\u00eds, Francia<\/p>\n<p>2014<\/p>\n<p><em><a title=\"Busan Biennale 2014\" href=\"https:\/\/www.eliascrespin.net\/es\/exhibition\/busan-biennale-2014\/\">Inhabiting the world<\/a><\/em>, Biennale de Busan, Corea<\/p>\n<p><em><a title=\"Structures de l\u2019invisible\" href=\"https:\/\/www.eliascrespin.net\/es\/exhibition\/structures-de-linvisible\/\">Structures de l&#8217;invisible<\/a><\/em>, Galerija Klovicevi dvori, Zagreb, Croacia \/ Fondation Vasarely, Aix-en-Provence, Francia<\/p>\n<p><em><a title=\"L\u2019horizon n\u00e9cessaire\" href=\"https:\/\/www.eliascrespin.net\/es\/exhibition\/horizon-necessaire\/\">L&#8217;horizon n\u00e9cessaire<\/a><\/em>, Mus\u00e9e passager, \u00cele-de-France<\/p>\n<p><em><a href=\"https:\/\/www.eliascrespin.net\/es\/exhibition\/drawing-space\/\" target=\"_blank\" rel=\"noopener noreferrer\">Drawing in Space<\/a><\/em>, Galleria Monica de Cardenas, Zuoz, Suiza<\/p>\n<p>2013<\/p>\n<p><em><a title=\"Homage to Denise Ren\u00e9\" href=\"https:\/\/www.eliascrespin.net\/es\/exhibition\/homage-to-denise-rene\/\">Homage to Denise Ren\u00e9. Past present and future of a vision<\/a><\/em>, Espace-Expression, Miami, FL, Estados Unidos<\/p>\n<p><em><a title=\"Mouvements et Lumi\u00e8res\" href=\"https:\/\/www.eliascrespin.net\/es\/exhibition\/mouvements-lumieres\/\">Mouvements et Lumi\u00e8res<\/a><\/em>, Centre d\u2019art contemporain Frank Popper, Marcigny, Francia<\/p>\n<p><em>Em movimento<\/em>, Galeria Raquel Arnaud, S\u00e3o Paulo, Brasil<\/p>\n<p><em><a title=\"Cinetik !\" href=\"https:\/\/www.eliascrespin.net\/es\/exhibition\/cinetik\/\">Cinetik!<\/a><\/em>, Fundaci\u00f3n\u00a0St\u00e4mpfli, Sitges, Espa\u00f1a<\/p>\n<p><em><a title=\"Turbulences II\" href=\"https:\/\/www.eliascrespin.net\/es\/exhibition\/turbulences-2\/\">Turbulences II<\/a><\/em>, Villa Empain Fondation Boghossian, Bruselas, B\u00e9lgica<\/p>\n<p><em><a title=\"Intersecting Modernities\" href=\"https:\/\/www.eliascrespin.net\/es\/exhibition\/intersecting-modernities\/\">Intersecting Modernities: Latin American Art from the Brillembourg Capriles Collection<\/a><\/em>, The Museum of Fine Arts, Houston, Estados Unidos<\/p>\n<p><em><a title=\"Dynamo\" href=\"https:\/\/www.eliascrespin.net\/es\/exhibition\/dynamo\/\">Dynamo. Un si\u00e8cle de lumi\u00e8re et de mouvement dans l\u2019art. 1913 &#8211; 2013<\/a><\/em>, Grand Palais, Par\u00eds, Francia<\/p>\n<p><em><a title=\"Art cin\u00e9tique \u2013 num\u00e9rique\" href=\"https:\/\/www.eliascrespin.net\/es\/exhibition\/art-cinetique-numerique\/\">Art cin\u00e9tique &#8211; num\u00e9rique<\/a><\/em>, Galerie Denise Ren\u00e9 Espace Marais, Par\u00eds, Francia<\/p>\n<p><em><a title=\"Inner Journeys\" href=\"https:\/\/www.eliascrespin.net\/es\/exhibition\/inner-journeys\/\">Inner Journeys<\/a><\/em>, Maison particuli\u00e8re, Bruselas, B\u00e9lgica<\/p>\n<p><em>Made in Light<\/em>, Fondation Vasarely \/ Espace Fondation EDF \/ Christie\u2019s, Par\u00eds, Francia<\/p>\n<p><em><a title=\"Des gestes de la pens\u00e9e\" href=\"https:\/\/www.eliascrespin.net\/es\/exhibition\/des-gestes-de-la-pensee\/\">Des gestes de la pens\u00e9e<\/a><\/em>, La Verri\u00e8re Fondation Herm\u00e8s, Bruselas, B\u00e9lgica<\/p>\n<p>2012<\/p>\n<p><em>Di\u00e1logos Contempor\u00e1neos desde la Collecci\u00f3n<\/em>, Museo de Arte Contempor\u00e1neo, Caracas, Venezuela<\/p>\n<p><em>Hommage \u00e0 Denise Ren\u00e9<\/em>, Galerie Denise Ren\u00e9, Par\u00eds, Francia<\/p>\n<p><em><a title=\"Constructed Dialogues\" href=\"https:\/\/www.eliascrespin.net\/es\/exhibition\/constructed-dialogues\/\">Constructed Dialogues: Concrete, Geometric, and Kinetic Art from the Latin American Art Collection<\/a><\/em>, The Museum of Fine Arts, Houston, TX, Estados Unidos<\/p>\n<p><em>Gego obra abierta: testimonios y vigencia,\u00a0<\/em>Museo de Arte Contempor\u00e1neo, Caracas, Venezuela<\/p>\n<p><em><a title=\"Turbulences\" href=\"https:\/\/www.eliascrespin.net\/es\/exhibition\/turbulences\/\">Turbulences<\/a><\/em>, Espace Culturel Louis Vuitton, Par\u00eds, Francia<\/p>\n<p>2011<\/p>\n<p><em><a title=\"Cosmopolitan Routes\" href=\"https:\/\/www.eliascrespin.net\/es\/exhibition\/cosmopolitan-routes\/\">Cosmopolitan Routes<\/a><\/em>, The Museum of Fine Arts, Houston, TX, Estados Unidos<\/p>\n<p><em><a title=\"Once tipos del 11\" href=\"https:\/\/www.eliascrespin.net\/es\/exhibition\/once-tipos-del-11\/\">Once tipos del 11<\/a><\/em>, Fundaci\u00f3n Sala Mendoza, Caracas, Venezuela<\/p><\/div><\/p>\n<div class='content-column one_third last_column'><p>2009<\/p>\n<p><em><a title=\"North Looks South\" href=\"https:\/\/www.eliascrespin.net\/es\/exhibition\/north-looks-south\/\">North Looks South. Building the Latin American Collection<\/a><\/em>, The Museum of Fine Arts, Houston, TX, Estados Unidos<\/p>\n<p><em><a href=\"https:\/\/www.eliascrespin.net\/exhibition\/writings\/\" target=\"_blank\" rel=\"noopener noreferrer\">Writings<\/a><\/em>, Cecilia de Torres Ltd., New York, NY, Estados Unidos<\/p>\n<p>2006<\/p>\n<p><em>Life Forms<\/em>, Kinetica Museum, Londres, Reino Unido<\/p>\n<p><em>63 Sal\u00f3n Arturo Michelena<\/em>, Ateneo de Valencia, Venezuela<\/p>\n<p>2005<\/p>\n<p><em>II Mega Exposici\u00f3n Homenaje \u00e0 Jes\u00fas Soto<\/em>, Galeria de Arte Nacional, Caracas, Venezuela \/ Museo del Estado Miranda, Los Teques, Venezuela<\/p>\n<p><em>Ingravidez<\/em>, Museo de Arte Contempor\u00e1neo del Zulia, Maracaibo, Venezuela \/ Museo Jacobo Borges, Caracas, Venezuela<\/p>\n<p>2004<\/p>\n<p><em>Ingravidez<\/em>, Ateneo de Cabudare, Cabudare, Venezuela<\/p>\n<p><em>Mutaciones en el espacio<\/em>, Museo del Estado Miranda, Los Teques, Venezuela<\/p>\n<p>&nbsp;<\/p>\n<p>COLECCIONES P\u00daBLICAS<\/p>\n<p>Francia<br \/>Museo del Louvre, Par\u00eds<br \/>Maison de l&#8217;Am\u00e9rique Latine,\u00a0Par\u00eds<\/p>\n<p>Alemania<br \/>Kleines Museum, Weissenstadt<\/p>\n<p>Argentina<br \/>Museo de Arte Latinoamericano, Buenos Aires<br \/>Museo Nacional de Bellas Artes, Buenos Aires<\/p>\n<p>Estados Unidos<br \/>The Nelson Atkins Museum of Art, Kansas City, MO<br \/>The Museum of Fine Arts, Houston, TX<br \/>El Museo del Barrio, New York,\u00a0<br \/>Collection Ella Fontanals-Cisneros, Miami, FL<\/p>\n<p>Venezuela<br \/>Fundaci\u00f3n de Museos Nacionales, Ateneo de Valencia<\/p>\n<p>&nbsp;<\/p>\n<p>PREMIOS<\/p>\n<p>2019<br \/>\u00ab Proyecci\u00f3n Internacional \u00bb, Premio de la Cr\u00edtica 2018, AICA Cap\u00edtulo Venezuela<\/p>\n<p>2006<br \/>\u00ab\u00a0Premio Armando Rever\u00f3n\u00a0\u00bb, <em>61 Sal\u00f3n Arturo Michelena<\/em>, Ateneo de Valencia,\u00a0Venezuela<\/p>\n<p>2005<br \/>\u00ab\u00a0Artist\u2019s Choice Award\u00a0\u00bb, <em>ArtBots<\/em>, Saints Michael and John\u2019s Church, Dubl\u00edn, Irlanda<\/p>\n<p>&nbsp;<\/p>\n<p><strong><a href=\"https:\/\/www.eliascrespin.net\/wp-content\/uploads\/2025\/06\/ES-Biographie-et-CV-Elias-Crespin-.pdf\">CV &amp; BIO_ES Elias Crespin 2025<\/a><\/strong><\/p><\/div><div class='clear_column'><\/div>\n","protected":false},"excerpt":{"rendered":"","protected":false},"author":2,"featured_media":0,"parent":0,"menu_order":2,"comment_status":"open","ping_status":"closed","template":"template-about.php","meta":{"footnotes":""},"class_list":["post-1238","page","type-page","status-publish","hentry"],"yoast_head":"<!-- This site is optimized with the Yoast SEO plugin v27.4 - https:\/\/yoast.com\/product\/yoast-seo-wordpress\/ -->\n<title>CV | Elias Crespin<\/title>\n<meta name=\"robots\" content=\"index, follow, max-snippet:-1, max-image-preview:large, max-video-preview:-1\" \/>\n<link rel=\"canonical\" href=\"https:\/\/www.eliascrespin.net\/es\/curriculo\/\" \/>\n<meta property=\"og:locale\" content=\"es_ES\" \/>\n<meta property=\"og:type\" content=\"article\" \/>\n<meta property=\"og:title\" content=\"CV | Elias Crespin\" \/>\n<meta property=\"og:url\" content=\"https:\/\/www.eliascrespin.net\/es\/curriculo\/\" \/>\n<meta property=\"og:site_name\" content=\"Elias Crespin\" \/>\n<meta property=\"article:modified_time\" content=\"2025-06-02T14:22:27+00:00\" \/>\n<meta name=\"twitter:label1\" content=\"Tiempo de lectura\" \/>\n\t<meta name=\"twitter:data1\" content=\"6 minutos\" \/>\n<script type=\"application\/ld+json\" class=\"yoast-schema-graph\">{\"@context\":\"https:\\\/\\\/schema.org\",\"@graph\":[{\"@type\":\"WebPage\",\"@id\":\"https:\\\/\\\/www.eliascrespin.net\\\/es\\\/curriculo\\\/\",\"url\":\"https:\\\/\\\/www.eliascrespin.net\\\/es\\\/curriculo\\\/\",\"name\":\"CV | Elias Crespin\",\"isPartOf\":{\"@id\":\"https:\\\/\\\/www.eliascrespin.net\\\/#website\"},\"datePublished\":\"2014-02-11T18:54:27+00:00\",\"dateModified\":\"2025-06-02T14:22:27+00:00\",\"breadcrumb\":{\"@id\":\"https:\\\/\\\/www.eliascrespin.net\\\/es\\\/curriculo\\\/#breadcrumb\"},\"inLanguage\":\"es\",\"potentialAction\":[{\"@type\":\"ReadAction\",\"target\":[\"https:\\\/\\\/www.eliascrespin.net\\\/es\\\/curriculo\\\/\"]}]},{\"@type\":\"BreadcrumbList\",\"@id\":\"https:\\\/\\\/www.eliascrespin.net\\\/es\\\/curriculo\\\/#breadcrumb\",\"itemListElement\":[{\"@type\":\"ListItem\",\"position\":1,\"name\":\"Accueil\",\"item\":\"https:\\\/\\\/www.eliascrespin.net\\\/es\\\/\"},{\"@type\":\"ListItem\",\"position\":2,\"name\":\"CV\"}]},{\"@type\":\"WebSite\",\"@id\":\"https:\\\/\\\/www.eliascrespin.net\\\/#website\",\"url\":\"https:\\\/\\\/www.eliascrespin.net\\\/\",\"name\":\"Elias Crespin\",\"description\":\"Latest news from Atelier Crespin\",\"potentialAction\":[{\"@type\":\"SearchAction\",\"target\":{\"@type\":\"EntryPoint\",\"urlTemplate\":\"https:\\\/\\\/www.eliascrespin.net\\\/?s={search_term_string}\"},\"query-input\":{\"@type\":\"PropertyValueSpecification\",\"valueRequired\":true,\"valueName\":\"search_term_string\"}}],\"inLanguage\":\"es\"}]}<\/script>\n<!-- \/ Yoast SEO plugin. -->","yoast_head_json":{"title":"CV | Elias Crespin","robots":{"index":"index","follow":"follow","max-snippet":"max-snippet:-1","max-image-preview":"max-image-preview:large","max-video-preview":"max-video-preview:-1"},"canonical":"https:\/\/www.eliascrespin.net\/es\/curriculo\/","og_locale":"es_ES","og_type":"article","og_title":"CV | Elias Crespin","og_url":"https:\/\/www.eliascrespin.net\/es\/curriculo\/","og_site_name":"Elias Crespin","article_modified_time":"2025-06-02T14:22:27+00:00","twitter_misc":{"Tiempo de lectura":"6 minutos"},"schema":{"@context":"https:\/\/schema.org","@graph":[{"@type":"WebPage","@id":"https:\/\/www.eliascrespin.net\/es\/curriculo\/","url":"https:\/\/www.eliascrespin.net\/es\/curriculo\/","name":"CV | Elias Crespin","isPartOf":{"@id":"https:\/\/www.eliascrespin.net\/#website"},"datePublished":"2014-02-11T18:54:27+00:00","dateModified":"2025-06-02T14:22:27+00:00","breadcrumb":{"@id":"https:\/\/www.eliascrespin.net\/es\/curriculo\/#breadcrumb"},"inLanguage":"es","potentialAction":[{"@type":"ReadAction","target":["https:\/\/www.eliascrespin.net\/es\/curriculo\/"]}]},{"@type":"BreadcrumbList","@id":"https:\/\/www.eliascrespin.net\/es\/curriculo\/#breadcrumb","itemListElement":[{"@type":"ListItem","position":1,"name":"Accueil","item":"https:\/\/www.eliascrespin.net\/es\/"},{"@type":"ListItem","position":2,"name":"CV"}]},{"@type":"WebSite","@id":"https:\/\/www.eliascrespin.net\/#website","url":"https:\/\/www.eliascrespin.net\/","name":"Elias Crespin","description":"Latest news from Atelier Crespin","potentialAction":[{"@type":"SearchAction","target":{"@type":"EntryPoint","urlTemplate":"https:\/\/www.eliascrespin.net\/?s={search_term_string}"},"query-input":{"@type":"PropertyValueSpecification","valueRequired":true,"valueName":"search_term_string"}}],"inLanguage":"es"}]}},"_links":{"self":[{"href":"https:\/\/www.eliascrespin.net\/es\/wp-json\/wp\/v2\/pages\/1238","targetHints":{"allow":["GET"]}}],"collection":[{"href":"https:\/\/www.eliascrespin.net\/es\/wp-json\/wp\/v2\/pages"}],"about":[{"href":"https:\/\/www.eliascrespin.net\/es\/wp-json\/wp\/v2\/types\/page"}],"author":[{"embeddable":true,"href":"https:\/\/www.eliascrespin.net\/es\/wp-json\/wp\/v2\/users\/2"}],"replies":[{"embeddable":true,"href":"https:\/\/www.eliascrespin.net\/es\/wp-json\/wp\/v2\/comments?post=1238"}],"version-history":[{"count":24,"href":"https:\/\/www.eliascrespin.net\/es\/wp-json\/wp\/v2\/pages\/1238\/revisions"}],"predecessor-version":[{"id":10133,"href":"https:\/\/www.eliascrespin.net\/es\/wp-json\/wp\/v2\/pages\/1238\/revisions\/10133"}],"wp:attachment":[{"href":"https:\/\/www.eliascrespin.net\/es\/wp-json\/wp\/v2\/media?parent=1238"}],"curies":[{"name":"wp","href":"https:\/\/api.w.org\/{rel}","templated":true}]}}