{"id":1244,"date":"2014-02-11T20:04:29","date_gmt":"2014-02-11T19:04:29","guid":{"rendered":"http:\/\/www.eliascrespin.net\/?page_id=1244"},"modified":"2025-05-28T14:09:52","modified_gmt":"2025-05-28T13:09:52","slug":"press-and-publications","status":"publish","type":"page","link":"https:\/\/www.eliascrespin.net\/en\/press-and-publications\/","title":{"rendered":"Publications"},"content":{"rendered":"<div class=\"hupso-share-buttons\"><!-- Hupso Share Buttons - https:\/\/www.hupso.com\/share\/ --><a class=\"hupso_toolbar\" href=\"https:\/\/www.hupso.com\/share\/\"><img decoding=\"async\" src=\"https:\/\/static.hupso.com\/share\/buttons\/dot.png\" style=\"border:0px; padding-top: 5px; float:left;\" alt=\"Share Button\"\/><\/a><script type=\"text\/javascript\">var hupso_services_t=new Array(\"Twitter\",\"Facebook\",\"Google Plus\",\"Pinterest\",\"Linkedin\");var hupso_background_t=\"#EAF4FF\";var hupso_border_t=\"#66CCFF\";var hupso_toolbar_size_t=\"big\";var hupso_image_folder_url = \"http:\/\/www.eliascrespin.net\/wp-content\/themes\/eliascrespin\/images\/social\/\";var hupso_twitter_via=\"eliascrespin\";var hupso_url_t=\"\";var hupso_title_t=\"Publications\";<\/script><script type=\"text\/javascript\" src=\"https:\/\/static.hupso.com\/share\/js\/share_toolbar.js\"><\/script><!-- Hupso Share Buttons --><\/div><div class='content-column one_third'><p><strong>Exhibition Catalogues<\/strong><\/p>\n<p><em><i>Art Must Be Artificial,\u00a0<\/i>Diriyah Art Futures,\u00a0<\/em>Saudi Arabia, 2024<\/p>\n<p><em><i>Une br\u00e8ve histoire de fils,<\/i><\/em> curated by Domitille D&#8217;orgeval, La Maison de l&#8217;Am\u00e9rique latine, 2024<\/p>\n<p><em>Les Mondes imaginaires,<\/em> Espace Monte-Cristo, Fondation Villa Datris, 2024<\/p>\n<p><em><i><span style=\"font-weight: 400;\">Lumi\u00e8re Espace Temps<\/span><\/i><span style=\"font-weight: 400;\">. <\/span><i><span style=\"font-weight: 400;\">14 artistes contemporains en hommage \u00e0 Nicolas Sch\u00f6ffer<\/span><\/i><span style=\"font-weight: 400;\">, <\/span><\/em><span style=\"font-weight: 400;\">Le Grenier \u00e0 sel, Avignon, 2021<\/span><\/p>\n<p><em>Immaterial Re-material. A brief history of computing<\/em> art, under the direction of J\u00e9r\u00f4me Neutres, UCCA, Culture and Art Publishing House, Beijing, 2020<\/p>\n<p><em>Artistes &amp; Robots<\/em>, under the direction of Laurence Bertrand Dorl\u00e9ac and J\u00e9r\u00f4me Neutres, Grand Palais, RMN, Paris, France, 2018<\/p>\n<p><em>Slow Motion<\/em>,\u00a0Maison de l&#8217;Am\u00e9rique Latine \/ Editions Hermann, Paris, France, 2017\u00a0<\/p>\n<p><em>Elias Crespin. Geometrische Choreographien<\/em>,\u00a0text\u00a0by\u00a0Victoria Verlichak, Das Kleine Museum: Weissenstadt, Germany, 2015<\/p>\n<p><em>Elias Crespin,\u00a0<\/em>text by Serge Faucherau, Galerie Denise Ren\u00e9: Paris, France, 2014<\/p>\n<p><em>Elias Crespin. Temps suspendu [Suspended Time]<\/em>, text by Pierre Sterckx, Galerie de la Marine: Nice, France, 2014<\/p>\n<p><em>Intersecting Modernities. Latin American Art from The Brillembourg Capriles Collection<\/em>, under the direction of Mari Carmen Ramirez, The Museum of Fine Arts: Houston, TX, USA, 2013<\/p>\n<p><em>Dynamo. A century of light and motion in art. 1913-2013<\/em>, under the direction of Serge Lemoine, RMN: Paris, France, 2013<\/p>\n<p><em>Turbulences II<\/em>, under the direction of David Rosenberg and Pierre Sterckx, Boghossian Foundation \/ Espace Culturel Louis Vuitton: Brussels, Belgium, 2013<\/p>\n<p><em>Elias Crespin. Parallels<\/em>, Cecilia de Torres, Ltd.: New York, NY, USA, 2012<\/p>\n<p><em>Elias Crespin. Hiperficies<\/em>, Ars Longa: Paris, France, 2010<\/div>\n<div class='content-column one_third'><p><strong>Selected Press<\/strong><\/p>\n<p>Jean Jacques Gay, &#8220;Elias Crespin, Symphonie \u00e0 la gravit\u00e9&#8221;, in Artension, March-April 2025<\/p>\n<p>&#8220;<a href=\"https:\/\/www.bellasartes.gob.ar\/paginas\/eliascrespin\/?fbclid=PAZXh0bgNhZW0CMTEAAadZAR6R5W9N5YT2MnPj35e-DAXVajzh54xjT-Rx1dGHNxJzgzTfHp878waakw_aem_z-hNHwmQgcdw0vPzDfs0Eg\">Una obra electrocin\u00e9tica de Elias Crespin, en el hall del Museo<\/a>&#8220;, in Bellas Artes, 2025<\/p>\n<p>Virginie Chuimer-Layen, <a href=\"https:\/\/www.gazette-drouot.com\/article\/les-choregraphies-cinetiques-d-elias-crespin\/13583\">\u00ab Les chor\u00e9graphies cin\u00e9tiques d&#8217;Elias Crespin \u00bb<\/a>, in <em>La Gazette Drouot<\/em>, March 5, 2020<\/p>\n<p>Mar\u00eda Elena Ramos,\u00a0<a href=\"https:\/\/www.elnacional.com\/galeria\/libros\/elias-crespin-haciendo-uno-espacio-con-tiempo_178608\/\">\u201cElias Crespin : Haciendo uno el espacio con el tiempo\u201d<\/a>, in\u00a0<em>El Nacional<\/em>, 23 Abril 2017. Also published in English and French in the catalogue <em>Slow Motion.<\/em><\/p>\n<p>Dossier &#8220;Elias Crespin&#8221;, in\u00a0<em>Alliage<\/em>, 74, Fall 2014<\/p>\n<p>Virginie Chuimer-Layen, &#8220;Elias Crespin et la po\u00e9sie de la cin\u00e9tique&#8221;, in <em>La Gazette de Drouot<\/em>, 6, February 15, 2013<\/p>\n<p>Am\u00e9lie Adamo, &#8220;Elias Crespin. Sculpteur d\u2019algorithme. Entretien avec Am\u00e9lie Adamo&#8221;, in <em>Art Absolument<\/em>, 49, September-October 2012<\/p>\n<p>Victoria Verlichak, &#8220;<a href=\"https:\/\/www.artnexus.com\/en\/magazines\/article-magazine-artnexus\/5d63f86590cc21cf7c0a2773\/78\/elias-crespin\">Geometric Choreographies<\/a>&#8220;, in <em>Art Nexus<\/em>, 78, 2010<\/p>\n<p>&nbsp;<\/p><\/div>\n<div class='content-column one_third last_column'><p><strong>Interviews<\/strong><\/p>\n<p class=\"p1\"><i><a href=\"https:\/\/youtu.be\/6UB5ZkodhiY?feature=shared\">Conversation with Mosquera : the idea of art<\/a>.<\/i> Interview with Maria Eugenia Mosquera<br \/>&#8211; VALE TV<\/p>\n<p class=\"p1\"><i><a href=\"https:\/\/www.youtube.com\/watch?v=OrVfHcwOxkU\">Elias Crespin &#8211; Trialineados Fluo Vert. Exhibition \u2018Les mondes imaginaires\u2019<\/a>, <\/i>Espace Monte-Cristo, Fondation Villa Datris, Paris, 2024. Video: Fran\u00e7ois Castelot.<\/p>\n<p class=\"p1\"><i><a href=\"https:\/\/www.youtube.com\/watch?v=GHBJpPUDEjY\">Interview film &lt;Elias Crespin&gt; &#8211; 32 SEGMENTOS EN RONDA 2014<\/a>.<\/i> Film and music by Namhoon Huh. Interview by Moa Kim. AMOMENTO Hannam Store, Seoul, South Korea<\/p>\n<p class=\"p1\"><i><a href=\"https:\/\/www.youtube.com\/watch?v=-lKCaCkdGsk\">Podcast Art Bytes : Elias Crespin, de l&#8217;ing\u00e9nieur \u00e0 l&#8217;artiste<\/a>. <\/i>Interview by Kathleen Leighton. Art Bytes \u00a9 2024. The Nelson Gallery Fondation. <i>All reproduction <\/i><i>rights reserved.<\/i><\/p>\n<p class=\"p1\"><i><a href=\"https:\/\/www.youtube.com\/watch?v=eArFc_w6-ec\">CONFLUENCE<\/a>, <\/i>directed by Louis Alvarez, Christopher Groban, Andrew Kolker and Marion Swaybill, 2024<\/p>\n<p class=\"p1\"><a href=\"https:\/\/www.youtube.com\/watch?v=tAfo2ibJpEQ\"><i>Elias Crespin &#8211; Malla Electrocinetica IV. Exposition \u201cCin\u00e9tique !\u201d<\/i><\/a><i>,<\/i> Espace Monte-Cristo, Fondation Villa Datris, Paris, 2022. Video: Fran\u00e7ois Castelot.<\/p>\n<p>Fanny Revault, <a href=\"https:\/\/www.artinterview.com\/en\/interviews\/elias-crespin\/\">&#8220;Elias Crespin&#8221;<\/a>, <em>Art Interview<\/em>, February 2020.<\/p>\n<p><em><a href=\"https:\/\/vimeo.com\/200848741\">Elias Crespin = Data<\/a>,\u00a0<\/em>2014. Baraka Films Productions.<\/p>\n<p><em><a href=\"https:\/\/vimeo.com\/62063580\" target=\"_blank\" rel=\"noopener noreferrer\">Elias Crespin at &#8216;Turbulences&#8217;, Espace Louis Vuitton, Paris, France<\/a><\/em>, june 2012. Video by Urubu Films \/ Louis Vuitton.<br \/><\/div><div class='clear_column'><\/div>\n","protected":false},"excerpt":{"rendered":"","protected":false},"author":2,"featured_media":0,"parent":0,"menu_order":3,"comment_status":"open","ping_status":"closed","template":"template-about.php","meta":{"footnotes":""},"class_list":["post-1244","page","type-page","status-publish","hentry"],"yoast_head":"<!-- This site is optimized with the Yoast SEO plugin v27.4 - https:\/\/yoast.com\/product\/yoast-seo-wordpress\/ -->\n<title>Publications | Elias Crespin<\/title>\n<meta name=\"robots\" content=\"index, follow, max-snippet:-1, max-image-preview:large, max-video-preview:-1\" \/>\n<link rel=\"canonical\" href=\"https:\/\/www.eliascrespin.net\/en\/press-and-publications\/\" \/>\n<meta property=\"og:locale\" content=\"en_US\" \/>\n<meta property=\"og:type\" content=\"article\" \/>\n<meta property=\"og:title\" content=\"Publications | Elias Crespin\" \/>\n<meta property=\"og:url\" content=\"https:\/\/www.eliascrespin.net\/en\/press-and-publications\/\" \/>\n<meta property=\"og:site_name\" content=\"Elias Crespin\" \/>\n<meta property=\"article:modified_time\" content=\"2025-05-28T13:09:52+00:00\" \/>\n<meta name=\"twitter:label1\" content=\"Est. reading time\" \/>\n\t<meta name=\"twitter:data1\" content=\"3 minutes\" \/>\n<script type=\"application\/ld+json\" class=\"yoast-schema-graph\">{\"@context\":\"https:\\\/\\\/schema.org\",\"@graph\":[{\"@type\":\"WebPage\",\"@id\":\"https:\\\/\\\/www.eliascrespin.net\\\/en\\\/press-and-publications\\\/\",\"url\":\"https:\\\/\\\/www.eliascrespin.net\\\/en\\\/press-and-publications\\\/\",\"name\":\"Publications | Elias Crespin\",\"isPartOf\":{\"@id\":\"https:\\\/\\\/www.eliascrespin.net\\\/#website\"},\"datePublished\":\"2014-02-11T19:04:29+00:00\",\"dateModified\":\"2025-05-28T13:09:52+00:00\",\"breadcrumb\":{\"@id\":\"https:\\\/\\\/www.eliascrespin.net\\\/en\\\/press-and-publications\\\/#breadcrumb\"},\"inLanguage\":\"en-US\",\"potentialAction\":[{\"@type\":\"ReadAction\",\"target\":[\"https:\\\/\\\/www.eliascrespin.net\\\/en\\\/press-and-publications\\\/\"]}]},{\"@type\":\"BreadcrumbList\",\"@id\":\"https:\\\/\\\/www.eliascrespin.net\\\/en\\\/press-and-publications\\\/#breadcrumb\",\"itemListElement\":[{\"@type\":\"ListItem\",\"position\":1,\"name\":\"Accueil\",\"item\":\"https:\\\/\\\/www.eliascrespin.net\\\/en\\\/\"},{\"@type\":\"ListItem\",\"position\":2,\"name\":\"Publications\"}]},{\"@type\":\"WebSite\",\"@id\":\"https:\\\/\\\/www.eliascrespin.net\\\/#website\",\"url\":\"https:\\\/\\\/www.eliascrespin.net\\\/\",\"name\":\"Elias Crespin\",\"description\":\"Latest news from Atelier Crespin\",\"potentialAction\":[{\"@type\":\"SearchAction\",\"target\":{\"@type\":\"EntryPoint\",\"urlTemplate\":\"https:\\\/\\\/www.eliascrespin.net\\\/?s={search_term_string}\"},\"query-input\":{\"@type\":\"PropertyValueSpecification\",\"valueRequired\":true,\"valueName\":\"search_term_string\"}}],\"inLanguage\":\"en-US\"}]}<\/script>\n<!-- \/ Yoast SEO plugin. -->","yoast_head_json":{"title":"Publications | Elias Crespin","robots":{"index":"index","follow":"follow","max-snippet":"max-snippet:-1","max-image-preview":"max-image-preview:large","max-video-preview":"max-video-preview:-1"},"canonical":"https:\/\/www.eliascrespin.net\/en\/press-and-publications\/","og_locale":"en_US","og_type":"article","og_title":"Publications | Elias Crespin","og_url":"https:\/\/www.eliascrespin.net\/en\/press-and-publications\/","og_site_name":"Elias Crespin","article_modified_time":"2025-05-28T13:09:52+00:00","twitter_misc":{"Est. reading time":"3 minutes"},"schema":{"@context":"https:\/\/schema.org","@graph":[{"@type":"WebPage","@id":"https:\/\/www.eliascrespin.net\/en\/press-and-publications\/","url":"https:\/\/www.eliascrespin.net\/en\/press-and-publications\/","name":"Publications | Elias Crespin","isPartOf":{"@id":"https:\/\/www.eliascrespin.net\/#website"},"datePublished":"2014-02-11T19:04:29+00:00","dateModified":"2025-05-28T13:09:52+00:00","breadcrumb":{"@id":"https:\/\/www.eliascrespin.net\/en\/press-and-publications\/#breadcrumb"},"inLanguage":"en-US","potentialAction":[{"@type":"ReadAction","target":["https:\/\/www.eliascrespin.net\/en\/press-and-publications\/"]}]},{"@type":"BreadcrumbList","@id":"https:\/\/www.eliascrespin.net\/en\/press-and-publications\/#breadcrumb","itemListElement":[{"@type":"ListItem","position":1,"name":"Accueil","item":"https:\/\/www.eliascrespin.net\/en\/"},{"@type":"ListItem","position":2,"name":"Publications"}]},{"@type":"WebSite","@id":"https:\/\/www.eliascrespin.net\/#website","url":"https:\/\/www.eliascrespin.net\/","name":"Elias Crespin","description":"Latest news from Atelier Crespin","potentialAction":[{"@type":"SearchAction","target":{"@type":"EntryPoint","urlTemplate":"https:\/\/www.eliascrespin.net\/?s={search_term_string}"},"query-input":{"@type":"PropertyValueSpecification","valueRequired":true,"valueName":"search_term_string"}}],"inLanguage":"en-US"}]}},"_links":{"self":[{"href":"https:\/\/www.eliascrespin.net\/en\/wp-json\/wp\/v2\/pages\/1244","targetHints":{"allow":["GET"]}}],"collection":[{"href":"https:\/\/www.eliascrespin.net\/en\/wp-json\/wp\/v2\/pages"}],"about":[{"href":"https:\/\/www.eliascrespin.net\/en\/wp-json\/wp\/v2\/types\/page"}],"author":[{"embeddable":true,"href":"https:\/\/www.eliascrespin.net\/en\/wp-json\/wp\/v2\/users\/2"}],"replies":[{"embeddable":true,"href":"https:\/\/www.eliascrespin.net\/en\/wp-json\/wp\/v2\/comments?post=1244"}],"version-history":[{"count":22,"href":"https:\/\/www.eliascrespin.net\/en\/wp-json\/wp\/v2\/pages\/1244\/revisions"}],"predecessor-version":[{"id":10124,"href":"https:\/\/www.eliascrespin.net\/en\/wp-json\/wp\/v2\/pages\/1244\/revisions\/10124"}],"wp:attachment":[{"href":"https:\/\/www.eliascrespin.net\/en\/wp-json\/wp\/v2\/media?parent=1244"}],"curies":[{"name":"wp","href":"https:\/\/api.w.org\/{rel}","templated":true}]}}